{"id":173,"date":"2017-10-08T11:44:43","date_gmt":"2017-10-08T09:44:43","guid":{"rendered":"http:\/\/duttenberger.waldkinder.com\/?page_id=173"},"modified":"2017-10-08T11:44:43","modified_gmt":"2017-10-08T09:44:43","slug":"naturspielkreis","status":"publish","type":"page","link":"https:\/\/waldkindi.lemb.ke\/?page_id=173","title":{"rendered":"Naturspielkreis im Waldkindergarten Duttenberg"},"content":{"rendered":"<p><strong><img loading=\"lazy\" decoding=\"async\" class=\"size-medium wp-image-983 aligncenter\" src=\"https:\/\/waldkindi.lemb.ke\/wp-content\/uploads\/2023\/03\/GLB0ZqvXpyAc-300x73.png\" alt=\"\" width=\"300\" height=\"73\" \/><\/strong><\/p>\n<p><strong>Liebe naturbegeisterte Eltern und Gro\u00dfeltern!<\/strong><\/p>\n<p>Ihr seid gerne mit eurem Kind\/euren Kindern\/Enkeln drau\u00dfen in der Natur unterwegs, aber nur Spazierengehen ist euch auf Dauer zu langweilig?<\/p>\n<p>Dann kommt doch mit euren 2-4 J\u00e4hrigen zur Waldspielgruppe auf dem Gel\u00e4nde des Waldkindergartens nach Duttenberg. F\u00fcr 1,5 Stunden werden wir uns dort auf dem Gel\u00e4nde bewegen und zu verschiedenen Themen Spiele, Lieder und kleine Aktionen miteinander durchf\u00fchren. Jedes Kind darf dabei seiner eigenen Geschwindigkeit folgen und ganz viel Neugier mitbringen. Ziel dieser Waldtage f\u00fcr die Kleinen ist es, sich wohlzuf\u00fchlen in Wald und Natur und beim gemeinsamen Naturerleben die Umwelt St\u00fcck f\u00fcr St\u00fcck wahrnehmen und lieben zu lernen. Sie als Eltern\/Gro\u00dfeltern k\u00f6nnen Anregungen f\u00fcr das gemeinsame Drau\u00dfensein bekommen und mit wenig Material viel Freude an B\u00e4umen, Pflanzen und Tieren erleben. Ganz nebenbei gibt\u2019s auch noch ein bisschen Input \u00fcber alles, was uns so begegnet.<\/p>\n<p>Euer Kind sollte etwa 2-4 Jahre alt sein, sich relativ sicher in unebenem Gel\u00e4nde bewegen k\u00f6nnen, mit wetterfesten Kleidern und Schuhen ausgestattet sein und ein Vesper mitbringen f\u00fcr ein kleines gemeinsames Waldfr\u00fchst\u00fcck.<\/p>\n<p>Bitte begleitet euer Kind in den Wald, gerne k\u00f6nnen auch 2 Erwachsene teilnehmen. Auch f\u00fcr die Begleitpersonen gilt: \u00a0bitte gute Kleidung und ein kleines Vesper einpacken.<\/p>\n<p>Bringt bitte auch einen Schnellhefter oder Pappordner mit, um Infos, Liedtexte etc. abzuheften.<\/p>\n<p><strong>Kosten:<\/strong><\/p>\n<ul>\n<li>140 \u20ac f\u00fcr 8 Waldtermine f\u00fcr ein Kind mit Begleitperson(en)<\/li>\n<li>Geschwisterkinder verg\u00fcnstigt<\/li>\n<\/ul>\n<p>Bei Interesse oder Fragen bitte eine E-Mail an<\/p>\n<p><a href=\"mailto:schneckenhausundfluegelschlag@web.de\"><strong>schneckenhausundfluegelschlag@web.de<\/strong><\/a><\/p>\n<p>Oder Anruf\u00a0 \u00a0auf:\u00a0 \u00a00178-3206486<\/p>\n<p>Anmeldeformular erhaltet ihr dann per E-Mail<\/p>\n<p><strong>Und das sind die Kurs-Termine 2024 &#8211; Jeweils von Donnerstags 10 &#8211; 11.30 Uhr:<\/strong><\/p>\n<ul>\n<li>16.05.2024<\/li>\n<li>23.05.2024<\/li>\n<li>06.06.2024<\/li>\n<li>20.06.2024<\/li>\n<li>04.07.2024<\/li>\n<li>11.07.2024<\/li>\n<li>18.07.2024<\/li>\n<li>25.07.2024<\/li>\n<\/ul>\n<p><img loading=\"lazy\" decoding=\"async\" class=\" wp-image-1017 aligncenter\" src=\"https:\/\/waldkindi.lemb.ke\/wp-content\/uploads\/2024\/04\/eANVURmvLjb3-199x300.jpeg\" alt=\"\" width=\"317\" height=\"478\" \/><\/p>\n","protected":false},"excerpt":{"rendered":"<p>Liebe naturbegeisterte Eltern und Gro\u00dfeltern! Ihr seid gerne mit eurem Kind\/euren Kindern\/Enkeln drau\u00dfen in der Natur unterwegs, aber nur Spazierengehen ist euch auf Dauer zu langweilig? Dann kommt doch mit euren 2-4 J\u00e4hrigen zur Waldspielgruppe auf dem Gel\u00e4nde des Waldkindergartens nach Duttenberg. F\u00fcr 1,5 Stunden werden wir uns dort auf dem Gel\u00e4nde bewegen und zu [&hellip;]<\/p>\n","protected":false},"author":1,"featured_media":0,"parent":0,"menu_order":0,"comment_status":"closed","ping_status":"closed","template":"","meta":{"footnotes":""},"class_list":["post-173","page","type-page","status-publish","hentry"],"_links":{"self":[{"href":"https:\/\/waldkindi.lemb.ke\/index.php?rest_route=\/wp\/v2\/pages\/173","targetHints":{"allow":["GET"]}}],"collection":[{"href":"https:\/\/waldkindi.lemb.ke\/index.php?rest_route=\/wp\/v2\/pages"}],"about":[{"href":"https:\/\/waldkindi.lemb.ke\/index.php?rest_route=\/wp\/v2\/types\/page"}],"author":[{"embeddable":true,"href":"https:\/\/waldkindi.lemb.ke\/index.php?rest_route=\/wp\/v2\/users\/1"}],"replies":[{"embeddable":true,"href":"https:\/\/waldkindi.lemb.ke\/index.php?rest_route=%2Fwp%2Fv2%2Fcomments&post=173"}],"version-history":[{"count":0,"href":"https:\/\/waldkindi.lemb.ke\/index.php?rest_route=\/wp\/v2\/pages\/173\/revisions"}],"wp:attachment":[{"href":"https:\/\/waldkindi.lemb.ke\/index.php?rest_route=%2Fwp%2Fv2%2Fmedia&parent=173"}],"curies":[{"name":"wp","href":"https:\/\/api.w.org\/{rel}","templated":true}]}}