{"id":189,"date":"2017-10-08T12:10:36","date_gmt":"2017-10-08T10:10:36","guid":{"rendered":"http:\/\/duttenberger.waldkinder.com\/?page_id=189"},"modified":"2017-10-08T12:10:36","modified_gmt":"2017-10-08T10:10:36","slug":"spenden-und-mitgliedschaft","status":"publish","type":"page","link":"https:\/\/waldkindi.lemb.ke\/?page_id=189","title":{"rendered":"Spenden und Mitgliedschaft"},"content":{"rendered":"<p><img loading=\"lazy\" decoding=\"async\" class=\"size-medium wp-image-190 alignleft\" src=\"http:\/\/duttenberger.waldkinder.com\/wp-content\/uploads\/2017\/10\/big_43250961_0_300-296-300x296.jpg\" alt=\"\" width=\"300\" height=\"296\"><\/p>\n<p><strong>Sie w\u00fcrden uns gerne mit einer Spende unterst\u00fctzen?<\/strong><\/p>\n<p>F\u00fcr jegliche Spenden sind wir dankbar! Ob Sachspenden (z.B. Werkzeuge), finanziell oder ideell, wir k\u00f6nnen nahezu jede Art von Unterst\u00fctzung brauchen und freuen uns immer \u00fcber jede Zuwendung.<\/p>\n<blockquote><p>Wenn Sie uns finanziell unterst\u00fctzen m\u00f6chten, hier unsere Bankverbindung:<br \/>\nWaldkinder e.V. -Spendenkonto<br \/>\nKreissparkasse Heilbronn<br \/>\nIBAN: DE46 6205 0000 0230 0136 54<\/p><\/blockquote>\n<p>Wenn Sie Ihren Namen und Ihre Adresse auf dem \u00dcberweisungsformular angeben, senden wir Ihnen umgehend eine Spendenbest\u00e4tigung zu.<\/p>\n<p>&nbsp;<\/p>\n<p><strong>Mitgliedschaft<\/strong><\/p>\n<p>Wir freuen uns auch \u00fcber jedes Mitglied &#8211; ob aktiv oder passiv. Mit Ihrer Mitgliedschaft, oder der Ihrer Verwandschaft, Freunde, Nachbarn, unterst\u00fctzen Sie unseren Waldkindergarten.<\/p>\n<p>Der j\u00e4hrliche Mitgliedsbeitrag betr\u00e4gt 30 Euro f\u00fcr die ganze Familie.<\/p>\n<p>&nbsp;<\/p>\n<p><strong>Antrag auf Mitgliedschaft<\/strong><\/p>\n<p>Wenn Sie uns mit einer Mitgliedschaft unterst\u00fctzen wollen, finden Sie den Mitgliedsantrag hier <a href=\"http:\/\/www.waldkinder.com\/wp-content\/uploads\/2019\/10\/2019-05_Vereinsaufnahmeantrag-Waldkinder-e.V..pdf\" target=\"_blank\" rel=\"noopener noreferrer\">(Vereinsaufnahmeantrag.pdf)<\/a><\/p>\n","protected":false},"excerpt":{"rendered":"<p>Sie w\u00fcrden uns gerne mit einer Spende unterst\u00fctzen? F\u00fcr jegliche Spenden sind wir dankbar! Ob Sachspenden (z.B. Werkzeuge), finanziell oder ideell, wir k\u00f6nnen nahezu jede Art von Unterst\u00fctzung brauchen und freuen uns immer \u00fcber jede Zuwendung. Wenn Sie uns finanziell unterst\u00fctzen m\u00f6chten, hier unsere Bankverbindung: Waldkinder e.V. -Spendenkonto Kreissparkasse Heilbronn IBAN: DE46 6205 0000 0230 [&hellip;]<\/p>\n","protected":false},"author":1,"featured_media":0,"parent":0,"menu_order":0,"comment_status":"closed","ping_status":"closed","template":"","meta":{"footnotes":""},"class_list":["post-189","page","type-page","status-publish","hentry"],"_links":{"self":[{"href":"https:\/\/waldkindi.lemb.ke\/index.php?rest_route=\/wp\/v2\/pages\/189","targetHints":{"allow":["GET"]}}],"collection":[{"href":"https:\/\/waldkindi.lemb.ke\/index.php?rest_route=\/wp\/v2\/pages"}],"about":[{"href":"https:\/\/waldkindi.lemb.ke\/index.php?rest_route=\/wp\/v2\/types\/page"}],"author":[{"embeddable":true,"href":"https:\/\/waldkindi.lemb.ke\/index.php?rest_route=\/wp\/v2\/users\/1"}],"replies":[{"embeddable":true,"href":"https:\/\/waldkindi.lemb.ke\/index.php?rest_route=%2Fwp%2Fv2%2Fcomments&post=189"}],"version-history":[{"count":0,"href":"https:\/\/waldkindi.lemb.ke\/index.php?rest_route=\/wp\/v2\/pages\/189\/revisions"}],"wp:attachment":[{"href":"https:\/\/waldkindi.lemb.ke\/index.php?rest_route=%2Fwp%2Fv2%2Fmedia&parent=189"}],"curies":[{"name":"wp","href":"https:\/\/api.w.org\/{rel}","templated":true}]}}